{"id":13,"date":"2025-07-14T20:02:03","date_gmt":"2025-07-14T20:02:03","guid":{"rendered":"https:\/\/techsmoney.com\/?page_id=13"},"modified":"2025-07-14T20:02:03","modified_gmt":"2025-07-14T20:02:03","slug":"privacy-policy","status":"publish","type":"page","link":"https:\/\/techsmoney.com\/es\/privacy-policy\/","title":{"rendered":"pol\u00edtica de privacidad"},"content":{"rendered":"<p><strong>Fecha de entrada en vigor: 14 de julio de 2025<\/strong><br><strong>Sitio web: <a class=\"\" href=\"https:\/\/techsmoney.com\/es\/\">https:\/\/techsmoney.com\/<\/a><\/strong><br><strong>Correo electr\u00f3nico de contacto: <a>contacto@techsmoney.com<\/a><\/strong><\/p>\n\n\n\n<p>En <strong>TechsMoney<\/strong>Nos comprometemos a proteger su privacidad. Esta Pol\u00edtica de Privacidad explica c\u00f3mo recopilamos, usamos, divulgamos y protegemos su informaci\u00f3n cuando visita nuestro sitio web. Lea atentamente esta pol\u00edtica para comprender nuestras opiniones y pr\u00e1cticas con respecto a sus datos personales.<\/p>\n\n\n\n<h2 class=\"wp-block-heading\">1. Informaci\u00f3n que recopilamos<\/h2>\n\n\n\n<p>Podemos recopilar y procesar los siguientes datos:<\/p>\n\n\n\n<ul class=\"wp-block-list\">\n<li><strong>Informaci\u00f3n de identificaci\u00f3n personal<\/strong> (como nombre, direcci\u00f3n de correo electr\u00f3nico, etc.) cuando usted completa voluntariamente un formulario o se suscribe a nuestro bolet\u00edn.<\/li>\n\n\n\n<li><strong>Datos t\u00e9cnicos<\/strong>, incluida la direcci\u00f3n IP, el tipo de navegador, la configuraci\u00f3n de la zona horaria, la informaci\u00f3n del dispositivo y el sistema operativo.<\/li>\n\n\n\n<li><strong>Datos de uso<\/strong>, como la forma en que utiliza nuestro sitio, incluidas las p\u00e1ginas visitadas y la interacci\u00f3n con el contenido.<\/li>\n<\/ul>\n\n\n\n<h2 class=\"wp-block-heading\">2. C\u00f3mo usamos su informaci\u00f3n<\/h2>\n\n\n\n<p>Podemos utilizar su informaci\u00f3n para los siguientes fines:<\/p>\n\n\n\n<ul class=\"wp-block-list\">\n<li>Para proporcionar y mantener nuestro sitio web y servicios.<\/li>\n\n\n\n<li>Para responder consultas y brindar asistencia al cliente.<\/li>\n\n\n\n<li>Para mejorar la funcionalidad de nuestro sitio web y la experiencia del usuario.<\/li>\n\n\n\n<li>Para enviarte boletines informativos, contenido promocional y actualizaciones relevantes, solo si has optado por ello.<\/li>\n\n\n\n<li>Para cumplir con obligaciones legales.<\/li>\n<\/ul>\n\n\n\n<h2 class=\"wp-block-heading\">3. Cookies y tecnolog\u00edas de seguimiento<\/h2>\n\n\n\n<p>Utilizamos cookies para mejorar tu experiencia de navegaci\u00f3n. Estas cookies nos ayudan a:<\/p>\n\n\n\n<ul class=\"wp-block-list\">\n<li>Entender c\u00f3mo interact\u00faan los usuarios con nuestro contenido.<\/li>\n\n\n\n<li>Recordar sus preferencias para futuras visitas.<\/li>\n\n\n\n<li>Ofrece anuncios relevantes y mide su eficacia.<\/li>\n<\/ul>\n\n\n\n<p>Puede controlar o desactivar las cookies a trav\u00e9s de la configuraci\u00f3n de su navegador. Para m\u00e1s detalles, consulte nuestra <strong>Pol\u00edtica de cookies<\/strong>.<\/p>\n\n\n\n<h2 class=\"wp-block-heading\">4. Intercambio y divulgaci\u00f3n de datos<\/h2>\n\n\n\n<p>No vendemos, intercambiamos ni alquilamos su informaci\u00f3n personal a terceros. Sin embargo, podr\u00edamos compartirla con:<\/p>\n\n\n\n<ul class=\"wp-block-list\">\n<li><strong>Proveedores de servicios y socios<\/strong> que nos ayudan a operar nuestro sitio web y negocio.<\/li>\n\n\n\n<li><strong>Autoridades legales<\/strong> si lo requiere la ley, un proceso legal o para proteger nuestros derechos.<\/li>\n<\/ul>\n\n\n\n<h2 class=\"wp-block-heading\">5. Seguridad de los datos<\/h2>\n\n\n\n<p>Implementamos medidas de seguridad adecuadas para proteger sus datos personales. Sin embargo, ning\u00fan m\u00e9todo de transmisi\u00f3n por internet ni de almacenamiento electr\u00f3nico es seguro para 100%.<\/p>\n\n\n\n<h2 class=\"wp-block-heading\">6. Sus derechos<\/h2>\n\n\n\n<p>Usted tiene derecho a:<\/p>\n\n\n\n<ul class=\"wp-block-list\">\n<li>Acceder y recibir una copia de sus datos personales.<\/li>\n\n\n\n<li>Solicitar la correcci\u00f3n o eliminaci\u00f3n de sus datos.<\/li>\n\n\n\n<li>Retirar el consentimiento en cualquier momento (si corresponde).<\/li>\n\n\n\n<li>Presentar una reclamaci\u00f3n ante una autoridad de protecci\u00f3n de datos.<\/li>\n<\/ul>\n\n\n\n<h2 class=\"wp-block-heading\">7. Enlaces de terceros<\/h2>\n\n\n\n<p>Nuestro sitio web puede contener enlaces a sitios web de terceros. No nos responsabilizamos de las pr\u00e1cticas de privacidad de dichos sitios web. Le recomendamos leer sus pol\u00edticas de privacidad.<\/p>\n\n\n\n<h2 class=\"wp-block-heading\">8. Privacidad de los ni\u00f1os<\/h2>\n\n\n\n<p>Nuestro contenido no est\u00e1 destinado a ni\u00f1os menores de 13 a\u00f1os. No recopilamos intencionalmente datos personales de ni\u00f1os.<\/p>\n\n\n\n<h2 class=\"wp-block-heading\">9. Cambios a esta Pol\u00edtica<\/h2>\n\n\n\n<p>Podemos actualizar esta Pol\u00edtica de Privacidad peri\u00f3dicamente. Cualquier cambio se publicar\u00e1 en esta p\u00e1gina con una &quot;Fecha de Entrada en Vigor&quot; revisada.<\/p>\n\n\n\n<h2 class=\"wp-block-heading\">10. Cont\u00e1ctenos<\/h2>\n\n\n\n<p>Si tiene alguna pregunta o inquietud sobre esta Pol\u00edtica de privacidad, cont\u00e1ctenos a:<br>\ud83d\udce7 <strong><a>contacto@techsmoney.com<\/a><\/strong><\/p>","protected":false},"excerpt":{"rendered":"<p>Fecha de entrada en vigor: 14 de julio de 2025. Sitio web: https:\/\/techsmoney.com\/. Correo electr\u00f3nico de contacto: contato@techsmoney.com. En TechsMoney, nos comprometemos a proteger su privacidad. Esta Pol\u00edtica de Privacidad explica c\u00f3mo recopilamos, usamos, divulgamos y protegemos su informaci\u00f3n cuando visita nuestro sitio web. Lea atentamente esta pol\u00edtica para comprender nuestras opiniones y pr\u00e1cticas con respecto a sus datos personales. 1. Informaci\u00f3n que recopilamos... <a title=\"pol\u00edtica de privacidad\" class=\"read-more\" href=\"https:\/\/techsmoney.com\/es\/privacy-policy\/\" aria-label=\"Leer m\u00e1s sobre Privacy Policy\">Leer m\u00e1s<\/a><\/p>","protected":false},"author":1,"featured_media":0,"parent":0,"menu_order":0,"comment_status":"closed","ping_status":"closed","template":"","meta":{"footnotes":""},"class_list":["post-13","page","type-page","status-publish"],"amp_enabled":true,"_links":{"self":[{"href":"https:\/\/techsmoney.com\/es\/wp-json\/wp\/v2\/pages\/13","targetHints":{"allow":["GET"]}}],"collection":[{"href":"https:\/\/techsmoney.com\/es\/wp-json\/wp\/v2\/pages"}],"about":[{"href":"https:\/\/techsmoney.com\/es\/wp-json\/wp\/v2\/types\/page"}],"author":[{"embeddable":true,"href":"https:\/\/techsmoney.com\/es\/wp-json\/wp\/v2\/users\/1"}],"replies":[{"embeddable":true,"href":"https:\/\/techsmoney.com\/es\/wp-json\/wp\/v2\/comments?post=13"}],"version-history":[{"count":1,"href":"https:\/\/techsmoney.com\/es\/wp-json\/wp\/v2\/pages\/13\/revisions"}],"predecessor-version":[{"id":14,"href":"https:\/\/techsmoney.com\/es\/wp-json\/wp\/v2\/pages\/13\/revisions\/14"}],"wp:attachment":[{"href":"https:\/\/techsmoney.com\/es\/wp-json\/wp\/v2\/media?parent=13"}],"curies":[{"name":"gracias","href":"https:\/\/api.w.org\/{rel}","templated":true}]}}