{"id":15,"date":"2025-07-14T20:03:00","date_gmt":"2025-07-14T20:03:00","guid":{"rendered":"https:\/\/techsmoney.com\/?page_id=15"},"modified":"2025-07-14T20:03:00","modified_gmt":"2025-07-14T20:03:00","slug":"cookie-policy","status":"publish","type":"page","link":"https:\/\/techsmoney.com\/es\/cookie-policy\/","title":{"rendered":"Pol\u00edtica de cookies"},"content":{"rendered":"<p><strong>Fecha de entrada en vigor: 14 de julio de 2025<\/strong><br><strong>Sitio web: <a class=\"\" href=\"https:\/\/techsmoney.com\/es\/\">https:\/\/techsmoney.com\/<\/a><\/strong><br><strong>Correo electr\u00f3nico de contacto: <a>contacto@techsmoney.com<\/a><\/strong><\/p>\n\n\n\n<p>Esta Pol\u00edtica de Cookies explica c\u00f3mo <strong>TechsMoney<\/strong> Utilizamos cookies y tecnolog\u00edas similares para reconocerle cuando visita nuestro sitio web. Describe qu\u00e9 son estas tecnolog\u00edas, por qu\u00e9 las usamos y sus derechos para controlar su uso.<\/p>\n\n\n\n<h2 class=\"wp-block-heading\">1. \u00bfQu\u00e9 son las cookies?<\/h2>\n\n\n\n<p>Las cookies son peque\u00f1os archivos de texto que se almacenan en su dispositivo al visitar un sitio web. Se utilizan ampliamente para optimizar el funcionamiento de los sitios web y proporcionar informaci\u00f3n a sus propietarios.<\/p>\n\n\n\n<h2 class=\"wp-block-heading\">2. \u00bfPor qu\u00e9 utilizamos cookies?<\/h2>\n\n\n\n<p>Utilizamos cookies para:<\/p>\n\n\n\n<ul class=\"wp-block-list\">\n<li>Garantizar el correcto funcionamiento del sitio web.<\/li>\n\n\n\n<li>Recordar sus preferencias y configuraciones.<\/li>\n\n\n\n<li>Comprenda c\u00f3mo interact\u00faa con nuestro sitio.<\/li>\n\n\n\n<li>Mejorar el rendimiento y el contenido.<\/li>\n\n\n\n<li>Ofrecer publicidad personalizada y medir su eficacia (cuando corresponda).<\/li>\n<\/ul>\n\n\n\n<h2 class=\"wp-block-heading\">3. Tipos de cookies que utilizamos<\/h2>\n\n\n\n<h3 class=\"wp-block-heading\">a. Cookies esenciales<\/h3>\n\n\n\n<p>Estas cookies son necesarias para que el sitio web funcione correctamente y no se pueden desactivar.<\/p>\n\n\n\n<h3 class=\"wp-block-heading\">b. Cookies de rendimiento y an\u00e1lisis<\/h3>\n\n\n\n<p>Estas cookies nos ayudan a comprender c\u00f3mo los visitantes utilizan nuestro sitio web, lo que nos permite mejorarlo con el tiempo.<\/p>\n\n\n\n<h3 class=\"wp-block-heading\">c. Cookies de funcionalidad<\/h3>\n\n\n\n<p>Estas cookies permiten que el sitio web recuerde las elecciones que usted realiza y proporcione funciones mejoradas.<\/p>\n\n\n\n<h3 class=\"wp-block-heading\">d. Cookies publicitarias<\/h3>\n\n\n\n<p>Estas cookies pueden utilizarse para mostrar anuncios personalizados seg\u00fan sus intereses. Tambi\u00e9n pueden limitar la frecuencia con la que ve un anuncio y medir la eficacia de las campa\u00f1as publicitarias.<\/p>\n\n\n\n<h2 class=\"wp-block-heading\">4. Cookies de terceros<\/h2>\n\n\n\n<p>Algunas cookies de nuestro sitio web son instaladas por servicios de terceros como Google Analytics o redes publicitarias. No controlamos estas cookies, y su uso se rige por las pol\u00edticas de privacidad de dichos terceros.<\/p>\n\n\n\n<h2 class=\"wp-block-heading\">5. C\u00f3mo controlar las cookies<\/h2>\n\n\n\n<p>Tiene derecho a aceptar o rechazar las cookies. La mayor\u00eda de los navegadores las aceptan autom\u00e1ticamente, pero puede modificar su configuraci\u00f3n para rechazarlas si lo prefiere.<\/p>\n\n\n\n<p>Normalmente, puede encontrar esta configuraci\u00f3n en el men\u00fa de &quot;Opciones&quot; o &quot;Preferencias&quot; de su navegador. Tambi\u00e9n puede desactivar la publicidad basada en intereses visitando:<\/p>\n\n\n\n<ul class=\"wp-block-list\">\n<li><a class=\"\" href=\"https:\/\/www.youronlinechoices.com\/\">Tus opciones en l\u00ednea (UE)<\/a><\/li>\n\n\n\n<li><a>Iniciativa de publicidad en red (EE. UU.)<\/a><\/li>\n\n\n\n<li><a class=\"\" href=\"https:\/\/www.aboutads.info\/\">Alianza de Publicidad Digital (EE. UU.)<\/a><\/li>\n<\/ul>\n\n\n\n<h2 class=\"wp-block-heading\">6. Cambios en esta Pol\u00edtica de Cookies<\/h2>\n\n\n\n<p>Es posible que actualicemos esta Pol\u00edtica de Cookies peri\u00f3dicamente para reflejar cambios en las cookies que utilizamos o por motivos legales o regulatorios. La versi\u00f3n actualizada se publicar\u00e1 en esta p\u00e1gina.<\/p>\n\n\n\n<h2 class=\"wp-block-heading\">7. Cont\u00e1ctenos<\/h2>\n\n\n\n<p>Si tiene alguna pregunta sobre nuestro uso de cookies, cont\u00e1ctenos en:<br>\ud83d\udce7 <strong><a>contacto@techsmoney.com<\/a><\/strong><\/p>","protected":false},"excerpt":{"rendered":"<p>Fecha de entrada en vigor: 14 de julio de 2025. Sitio web: https:\/\/techsmoney.com\/. Correo electr\u00f3nico de contacto: contato@techsmoney.com. Esta Pol\u00edtica de Cookies explica c\u00f3mo TechsMoney utiliza cookies y tecnolog\u00edas similares para reconocerle cuando visita nuestro sitio web. Describe qu\u00e9 son estas tecnolog\u00edas, por qu\u00e9 las usamos y sus derechos para controlar su uso. 1. \u00bfQu\u00e9 son las cookies? Las cookies son peque\u00f1os archivos de texto que\u2026 <a title=\"Pol\u00edtica de cookies\" class=\"read-more\" href=\"https:\/\/techsmoney.com\/es\/cookie-policy\/\" aria-label=\"Leer m\u00e1s sobre Cookie Policy\">Leer m\u00e1s<\/a><\/p>","protected":false},"author":1,"featured_media":0,"parent":0,"menu_order":0,"comment_status":"closed","ping_status":"closed","template":"","meta":{"footnotes":""},"class_list":["post-15","page","type-page","status-publish"],"amp_enabled":true,"_links":{"self":[{"href":"https:\/\/techsmoney.com\/es\/wp-json\/wp\/v2\/pages\/15","targetHints":{"allow":["GET"]}}],"collection":[{"href":"https:\/\/techsmoney.com\/es\/wp-json\/wp\/v2\/pages"}],"about":[{"href":"https:\/\/techsmoney.com\/es\/wp-json\/wp\/v2\/types\/page"}],"author":[{"embeddable":true,"href":"https:\/\/techsmoney.com\/es\/wp-json\/wp\/v2\/users\/1"}],"replies":[{"embeddable":true,"href":"https:\/\/techsmoney.com\/es\/wp-json\/wp\/v2\/comments?post=15"}],"version-history":[{"count":1,"href":"https:\/\/techsmoney.com\/es\/wp-json\/wp\/v2\/pages\/15\/revisions"}],"predecessor-version":[{"id":16,"href":"https:\/\/techsmoney.com\/es\/wp-json\/wp\/v2\/pages\/15\/revisions\/16"}],"wp:attachment":[{"href":"https:\/\/techsmoney.com\/es\/wp-json\/wp\/v2\/media?parent=15"}],"curies":[{"name":"gracias","href":"https:\/\/api.w.org\/{rel}","templated":true}]}}