{"id":21,"date":"2025-07-14T20:04:29","date_gmt":"2025-07-14T20:04:29","guid":{"rendered":"https:\/\/techsmoney.com\/?page_id=21"},"modified":"2025-07-14T20:04:29","modified_gmt":"2025-07-14T20:04:29","slug":"about-us","status":"publish","type":"page","link":"https:\/\/techsmoney.com\/es\/about-us\/","title":{"rendered":"Sobre nosotros"},"content":{"rendered":"<p>Bienvenido a <strong>TechsMoney<\/strong> \u2013 su recurso ideal para aprender a administrar su dinero de forma m\u00e1s inteligente, incluso si reci\u00e9n est\u00e1 comenzando.<\/p>\n\n\n\n<p>Creemos que <strong>La educaci\u00f3n financiera debe ser sencilla, accesible y empoderadora.<\/strong>Por eso creamos este espacio: para ayudar a los principiantes a ganar confianza en el manejo de sus finanzas personales mediante consejos pr\u00e1cticos, explicaciones claras y estrategias pr\u00e1cticas.<\/p>\n\n\n\n<p>Ya sea que desee comenzar a ahorrar dinero, comprender c\u00f3mo hacer un presupuesto o dar sus primeros pasos en la inversi\u00f3n, TechsMoney est\u00e1 aqu\u00ed para guiarlo.<\/p>\n\n\n\n<h3 class=\"wp-block-heading\">Lo que encontrar\u00e1s aqu\u00ed:<\/h3>\n\n\n\n<ul class=\"wp-block-list\">\n<li>Consejos financieros f\u00e1ciles de seguir<\/li>\n\n\n\n<li>Gu\u00edas paso a paso sobre presupuestos, ahorro e inversi\u00f3n.<\/li>\n\n\n\n<li>Consejos para mejorar tus h\u00e1bitos financieros<\/li>\n\n\n\n<li>Art\u00edculos para principiantes escritos en un lenguaje claro y cotidiano.<\/li>\n\n\n\n<li>Una zona libre de juicios para comenzar tu viaje hacia la libertad financiera<\/li>\n<\/ul>\n\n\n\n<p>Nuestra misi\u00f3n es asegurarnos de que <strong>Te sientes en control de tu dinero<\/strong>, no abrumado por ello.<\/p>\n\n\n\n<h3 class=\"wp-block-heading\">Quienes somos<\/h3>\n\n\n\n<p>Somos un equipo apasionado de entusiastas de las finanzas, escritores y educadores que queremos ayudar a las personas. <strong>obtener independencia financiera<\/strong> A trav\u00e9s del conocimiento. Hemos estado en tu lugar: confundidos por t\u00e9rminos complejos y sin saber por d\u00f3nde empezar. Por eso, mantenemos las cosas simples, amigables y honestas.<\/p>\n\n\n\n<h3 class=\"wp-block-heading\">\u00danase a la comunidad TechsMoney<\/h3>\n\n\n\n<p>\u00a1Estamos encantados de tenerte aqu\u00ed!<br>Qu\u00e9date con nosotros, explora nuestro contenido y no dudes en contactarnos. <strong>Ponte en contacto con nosotros<\/strong> Si tienes dudas o quieres sugerir alg\u00fan tema.<\/p>\n\n\n\n<p>\ud83d\udce7 <strong>Cont\u00e1ctenos en:<\/strong> <a>contacto@techsmoney.com<\/a><br>\ud83c\udf10 <strong>Sitio web:<\/strong> <a class=\"\" href=\"https:\/\/techsmoney.com\/es\/\">https:\/\/techsmoney.com\/<\/a><\/p>\n\n\n\n<p>Construyamos su futuro financiero, paso a paso.<\/p>","protected":false},"excerpt":{"rendered":"<p>Welcome to TechsMoney \u2013 your go-to resource for learning how to manage your money smarter, even if you&#8217;re just getting started. We believe that financial education should be simple, accessible, and empowering. That\u2019s why we\u2019ve created this space: to help beginners build confidence in managing personal finances through practical tips, clear explanations, and real-world strategies. &#8230; <a title=\"Sobre nosotros\" class=\"read-more\" href=\"https:\/\/techsmoney.com\/es\/about-us\/\" aria-label=\"Leer m\u00e1s sobre About Us\">Leer m\u00e1s<\/a><\/p>","protected":false},"author":1,"featured_media":0,"parent":0,"menu_order":0,"comment_status":"closed","ping_status":"closed","template":"","meta":{"footnotes":""},"class_list":["post-21","page","type-page","status-publish"],"amp_enabled":true,"_links":{"self":[{"href":"https:\/\/techsmoney.com\/es\/wp-json\/wp\/v2\/pages\/21","targetHints":{"allow":["GET"]}}],"collection":[{"href":"https:\/\/techsmoney.com\/es\/wp-json\/wp\/v2\/pages"}],"about":[{"href":"https:\/\/techsmoney.com\/es\/wp-json\/wp\/v2\/types\/page"}],"author":[{"embeddable":true,"href":"https:\/\/techsmoney.com\/es\/wp-json\/wp\/v2\/users\/1"}],"replies":[{"embeddable":true,"href":"https:\/\/techsmoney.com\/es\/wp-json\/wp\/v2\/comments?post=21"}],"version-history":[{"count":1,"href":"https:\/\/techsmoney.com\/es\/wp-json\/wp\/v2\/pages\/21\/revisions"}],"predecessor-version":[{"id":22,"href":"https:\/\/techsmoney.com\/es\/wp-json\/wp\/v2\/pages\/21\/revisions\/22"}],"wp:attachment":[{"href":"https:\/\/techsmoney.com\/es\/wp-json\/wp\/v2\/media?parent=21"}],"curies":[{"name":"gracias","href":"https:\/\/api.w.org\/{rel}","templated":true}]}}