{"id":19,"date":"2025-07-14T20:03:53","date_gmt":"2025-07-14T20:03:53","guid":{"rendered":"https:\/\/techsmoney.com\/?page_id=19"},"modified":"2025-07-14T20:03:53","modified_gmt":"2025-07-14T20:03:53","slug":"contact-us","status":"publish","type":"page","link":"https:\/\/techsmoney.com\/pt_pt\/contact-us\/","title":{"rendered":"Contate-nos"},"content":{"rendered":"<p>Gostar\u00edamos muito de ouvir de voc\u00ea!<\/p>\n\n\n\n<p>Se voc\u00ea tiver alguma d\u00favida, sugest\u00e3o, oportunidade de parceria ou precisar de ajuda relacionada ao nosso conte\u00fado sobre finan\u00e7as pessoais, sinta-se \u00e0 vontade para entrar em contato.<\/p>\n\n\n\n<p>\ud83d\udce7 <strong>E-mail:<\/strong> <a>contato@techsmoney.com<\/a><\/p>\n\n\n\n<p>Respondemos o mais r\u00e1pido poss\u00edvel durante o hor\u00e1rio comercial, <strong>Segunda a sexta, das 8h00 \u00e0s 18h00 (hor\u00e1rio local)<\/strong>.<\/p>\n\n\n\n<p>Voc\u00ea tamb\u00e9m pode acompanhar nossas atualiza\u00e7\u00f5es e insights visitando <strong><a class=\"\" href=\"https:\/\/techsmoney.com\/pt_pt\/\">https:\/\/techsmoney.com\/<\/a><\/strong> regularmente.<\/p>\n\n\n\n<p>Obrigado por visitar o TechsMoney!<\/p>","protected":false},"excerpt":{"rendered":"<p>We\u2019d love to hear from you! If you have any questions, suggestions, partnership opportunities, or need help related to our content on personal finance, feel free to reach out. \ud83d\udce7 Email: contato@techsmoney.com We respond as quickly as possible during business hours, Monday to Friday, from 8:00 AM to 6:00 PM (local time). You can also &#8230; <a title=\"Contate-nos\" class=\"read-more\" href=\"https:\/\/techsmoney.com\/pt_pt\/contact-us\/\" aria-label=\"Leia mais sobre Contact Us\">Ler mais<\/a><\/p>","protected":false},"author":1,"featured_media":0,"parent":0,"menu_order":0,"comment_status":"closed","ping_status":"closed","template":"","meta":{"footnotes":""},"class_list":["post-19","page","type-page","status-publish"],"amp_enabled":true,"_links":{"self":[{"href":"https:\/\/techsmoney.com\/pt_pt\/wp-json\/wp\/v2\/pages\/19","targetHints":{"allow":["GET"]}}],"collection":[{"href":"https:\/\/techsmoney.com\/pt_pt\/wp-json\/wp\/v2\/pages"}],"about":[{"href":"https:\/\/techsmoney.com\/pt_pt\/wp-json\/wp\/v2\/types\/page"}],"author":[{"embeddable":true,"href":"https:\/\/techsmoney.com\/pt_pt\/wp-json\/wp\/v2\/users\/1"}],"replies":[{"embeddable":true,"href":"https:\/\/techsmoney.com\/pt_pt\/wp-json\/wp\/v2\/comments?post=19"}],"version-history":[{"count":1,"href":"https:\/\/techsmoney.com\/pt_pt\/wp-json\/wp\/v2\/pages\/19\/revisions"}],"predecessor-version":[{"id":20,"href":"https:\/\/techsmoney.com\/pt_pt\/wp-json\/wp\/v2\/pages\/19\/revisions\/20"}],"wp:attachment":[{"href":"https:\/\/techsmoney.com\/pt_pt\/wp-json\/wp\/v2\/media?parent=19"}],"curies":[{"name":"wp","href":"https:\/\/api.w.org\/{rel}","templated":true}]}}