{"id":21,"date":"2025-07-14T20:04:29","date_gmt":"2025-07-14T20:04:29","guid":{"rendered":"https:\/\/techsmoney.com\/?page_id=21"},"modified":"2025-07-14T20:04:29","modified_gmt":"2025-07-14T20:04:29","slug":"about-us","status":"publish","type":"page","link":"https:\/\/techsmoney.com\/pt_pt\/about-us\/","title":{"rendered":"Sobre n\u00f3s"},"content":{"rendered":"<p>Bem-vindo ao <strong>TechsMoney<\/strong> \u2013 seu recurso ideal para aprender a administrar seu dinheiro de forma mais inteligente, mesmo que voc\u00ea esteja apenas come\u00e7ando.<\/p>\n\n\n\n<p>Acreditamos que <strong>a educa\u00e7\u00e3o financeira deve ser simples, acess\u00edvel e fortalecedora<\/strong>. \u00c9 por isso que criamos este espa\u00e7o: para ajudar iniciantes a ganhar confian\u00e7a na gest\u00e3o de finan\u00e7as pessoais por meio de dicas pr\u00e1ticas, explica\u00e7\u00f5es claras e estrat\u00e9gias do mundo real.<\/p>\n\n\n\n<p>Quer voc\u00ea queira come\u00e7ar a economizar dinheiro, entender como fazer um or\u00e7amento ou dar os primeiros passos em investimentos, a TechsMoney est\u00e1 aqui para orientar voc\u00ea.<\/p>\n\n\n\n<h3 class=\"wp-block-heading\">O que voc\u00ea encontrar\u00e1 aqui:<\/h3>\n\n\n\n<ul class=\"wp-block-list\">\n<li>Conselhos financeiros f\u00e1ceis de seguir<\/li>\n\n\n\n<li>Guias passo a passo sobre or\u00e7amento, poupan\u00e7a e investimento<\/li>\n\n\n\n<li>Dicas para melhorar seus h\u00e1bitos financeiros<\/li>\n\n\n\n<li>Artigos para iniciantes escritos em linguagem clara e cotidiana<\/li>\n\n\n\n<li>Uma zona livre de julgamentos para come\u00e7ar sua jornada rumo \u00e0 liberdade financeira<\/li>\n<\/ul>\n\n\n\n<p>Nossa miss\u00e3o \u00e9 garantir <strong>voc\u00ea se sente no controle do seu dinheiro<\/strong>, n\u00e3o sobrecarregado por isso.<\/p>\n\n\n\n<h3 class=\"wp-block-heading\">Quem Somos<\/h3>\n\n\n\n<p>Somos uma equipe apaixonada de entusiastas de finan\u00e7as, escritores e educadores que querem ajudar as pessoas <strong>ganhar independ\u00eancia financeira<\/strong> atrav\u00e9s do conhecimento. J\u00e1 passamos pela sua situa\u00e7\u00e3o \u2014 confusos com termos complicados e sem saber por onde come\u00e7ar. \u00c9 por isso que mantemos as coisas simples, amig\u00e1veis e honestas.<\/p>\n\n\n\n<h3 class=\"wp-block-heading\">Junte-se \u00e0 Comunidade TechsMoney<\/h3>\n\n\n\n<p>Estamos felizes em ter voc\u00ea aqui!<br>Fique por aqui, explore nosso conte\u00fado e n\u00e3o hesite em <strong>entre em contato<\/strong> se voc\u00ea tiver d\u00favidas ou quiser sugerir um t\u00f3pico.<\/p>\n\n\n\n<p>\ud83d\udce7 <strong>Entre em contato conosco em:<\/strong> <a>contato@techsmoney.com<\/a><br>\ud83c\udf10 <strong>Site:<\/strong> <a class=\"\" href=\"https:\/\/techsmoney.com\/pt_pt\/\">https:\/\/techsmoney.com\/<\/a><\/p>\n\n\n\n<p>Vamos construir seu futuro financeiro \u2014 um passo de cada vez.<\/p>","protected":false},"excerpt":{"rendered":"<p>Welcome to TechsMoney \u2013 your go-to resource for learning how to manage your money smarter, even if you&#8217;re just getting started. We believe that financial education should be simple, accessible, and empowering. That\u2019s why we\u2019ve created this space: to help beginners build confidence in managing personal finances through practical tips, clear explanations, and real-world strategies. &#8230; <a title=\"Sobre n\u00f3s\" class=\"read-more\" href=\"https:\/\/techsmoney.com\/pt_pt\/about-us\/\" aria-label=\"Leia mais sobre About Us\">Ler mais<\/a><\/p>","protected":false},"author":1,"featured_media":0,"parent":0,"menu_order":0,"comment_status":"closed","ping_status":"closed","template":"","meta":{"footnotes":""},"class_list":["post-21","page","type-page","status-publish"],"amp_enabled":true,"_links":{"self":[{"href":"https:\/\/techsmoney.com\/pt_pt\/wp-json\/wp\/v2\/pages\/21","targetHints":{"allow":["GET"]}}],"collection":[{"href":"https:\/\/techsmoney.com\/pt_pt\/wp-json\/wp\/v2\/pages"}],"about":[{"href":"https:\/\/techsmoney.com\/pt_pt\/wp-json\/wp\/v2\/types\/page"}],"author":[{"embeddable":true,"href":"https:\/\/techsmoney.com\/pt_pt\/wp-json\/wp\/v2\/users\/1"}],"replies":[{"embeddable":true,"href":"https:\/\/techsmoney.com\/pt_pt\/wp-json\/wp\/v2\/comments?post=21"}],"version-history":[{"count":1,"href":"https:\/\/techsmoney.com\/pt_pt\/wp-json\/wp\/v2\/pages\/21\/revisions"}],"predecessor-version":[{"id":22,"href":"https:\/\/techsmoney.com\/pt_pt\/wp-json\/wp\/v2\/pages\/21\/revisions\/22"}],"wp:attachment":[{"href":"https:\/\/techsmoney.com\/pt_pt\/wp-json\/wp\/v2\/media?parent=21"}],"curies":[{"name":"wp","href":"https:\/\/api.w.org\/{rel}","templated":true}]}}