{"id":13,"date":"2025-07-14T20:02:03","date_gmt":"2025-07-14T20:02:03","guid":{"rendered":"https:\/\/techsmoney.com\/?page_id=13"},"modified":"2025-07-14T20:02:03","modified_gmt":"2025-07-14T20:02:03","slug":"privacy-policy","status":"publish","type":"page","link":"https:\/\/techsmoney.com\/vi\/privacy-policy\/","title":{"rendered":"Ch\u00ednh s\u00e1ch b\u1ea3o m\u1eadt"},"content":{"rendered":"<p><strong>Ng\u00e0y c\u00f3 hi\u1ec7u l\u1ef1c: 14 th\u00e1ng 7 n\u0103m 2025<\/strong><br><strong>Trang web: <a class=\"\" href=\"https:\/\/techsmoney.com\/vi\/\">https:\/\/techsmoney.com\/<\/a><\/strong><br><strong>Email li\u00ean h\u1ec7: <a>contato@techsmoney.com<\/a><\/strong><\/p>\n\n\n\n<p>T\u1ea1i <strong>TechsMoney<\/strong>Ch\u00fang t\u00f4i cam k\u1ebft b\u1ea3o v\u1ec7 quy\u1ec1n ri\u00eang t\u01b0 c\u1ee7a b\u1ea1n. Ch\u00ednh s\u00e1ch Quy\u1ec1n ri\u00eang t\u01b0 n\u00e0y gi\u1ea3i th\u00edch c\u00e1ch ch\u00fang t\u00f4i thu th\u1eadp, s\u1eed d\u1ee5ng, ti\u1ebft l\u1ed9 v\u00e0 b\u1ea3o v\u1ec7 th\u00f4ng tin c\u1ee7a b\u1ea1n khi b\u1ea1n truy c\u1eadp trang web c\u1ee7a ch\u00fang t\u00f4i. Vui l\u00f2ng \u0111\u1ecdc k\u1ef9 ch\u00ednh s\u00e1ch n\u00e0y \u0111\u1ec3 hi\u1ec3u quan \u0111i\u1ec3m v\u00e0 th\u1ef1c ti\u1ec5n c\u1ee7a ch\u00fang t\u00f4i li\u00ean quan \u0111\u1ebfn d\u1eef li\u1ec7u c\u00e1 nh\u00e2n c\u1ee7a b\u1ea1n.<\/p>\n\n\n\n<h2 class=\"wp-block-heading\">1. Th\u00f4ng tin ch\u00fang t\u00f4i thu th\u1eadp<\/h2>\n\n\n\n<p>Ch\u00fang t\u00f4i c\u00f3 th\u1ec3 thu th\u1eadp v\u00e0 x\u1eed l\u00fd c\u00e1c d\u1eef li\u1ec7u sau:<\/p>\n\n\n\n<ul class=\"wp-block-list\">\n<li><strong>Th\u00f4ng tin nh\u1eadn d\u1ea1ng c\u00e1 nh\u00e2n<\/strong> (ch\u1eb3ng h\u1ea1n nh\u01b0 t\u00ean, \u0111\u1ecba ch\u1ec9 email, v.v.) khi b\u1ea1n t\u1ef1 nguy\u1ec7n \u0111i\u1ec1n v\u00e0o bi\u1ec3u m\u1eabu ho\u1eb7c \u0111\u0103ng k\u00fd nh\u1eadn b\u1ea3n tin c\u1ee7a ch\u00fang t\u00f4i.<\/li>\n\n\n\n<li><strong>D\u1eef li\u1ec7u k\u1ef9 thu\u1eadt<\/strong>bao g\u1ed3m \u0111\u1ecba ch\u1ec9 IP, lo\u1ea1i tr\u00ecnh duy\u1ec7t, c\u00e0i \u0111\u1eb7t m\u00fai gi\u1edd, th\u00f4ng tin thi\u1ebft b\u1ecb v\u00e0 h\u1ec7 \u0111i\u1ec1u h\u00e0nh.<\/li>\n\n\n\n<li><strong>D\u1eef li\u1ec7u s\u1eed d\u1ee5ng<\/strong>, ch\u1eb3ng h\u1ea1n nh\u01b0 c\u00e1ch b\u1ea1n s\u1eed d\u1ee5ng trang web c\u1ee7a ch\u00fang t\u00f4i, bao g\u1ed3m c\u00e1c trang \u0111\u00e3 xem v\u00e0 t\u01b0\u01a1ng t\u00e1c v\u1edbi n\u1ed9i dung.<\/li>\n<\/ul>\n\n\n\n<h2 class=\"wp-block-heading\">2. C\u00e1ch ch\u00fang t\u00f4i s\u1eed d\u1ee5ng th\u00f4ng tin c\u1ee7a b\u1ea1n<\/h2>\n\n\n\n<p>Ch\u00fang t\u00f4i c\u00f3 th\u1ec3 s\u1eed d\u1ee5ng th\u00f4ng tin c\u1ee7a b\u1ea1n cho c\u00e1c m\u1ee5c \u0111\u00edch sau:<\/p>\n\n\n\n<ul class=\"wp-block-list\">\n<li>\u0110\u1ec3 cung c\u1ea5p v\u00e0 duy tr\u00ec trang web v\u00e0 d\u1ecbch v\u1ee5 c\u1ee7a ch\u00fang t\u00f4i.<\/li>\n\n\n\n<li>\u0110\u1ec3 tr\u1ea3 l\u1eddi c\u00e1c c\u00e2u h\u1ecfi v\u00e0 cung c\u1ea5p h\u1ed7 tr\u1ee3 cho kh\u00e1ch h\u00e0ng.<\/li>\n\n\n\n<li>\u0110\u1ec3 c\u1ea3i thi\u1ec7n ch\u1ee9c n\u0103ng trang web v\u00e0 tr\u1ea3i nghi\u1ec7m ng\u01b0\u1eddi d\u00f9ng.<\/li>\n\n\n\n<li>G\u1eedi cho b\u1ea1n b\u1ea3n tin, n\u1ed9i dung qu\u1ea3ng c\u00e1o v\u00e0 c\u00e1c c\u1eadp nh\u1eadt c\u00f3 li\u00ean quan, ch\u1ec9 khi b\u1ea1n \u0111\u00e3 ch\u1ecdn tham gia.<\/li>\n\n\n\n<li>\u0110\u1ec3 tu\u00e2n th\u1ee7 c\u00e1c ngh\u0129a v\u1ee5 ph\u00e1p l\u00fd.<\/li>\n<\/ul>\n\n\n\n<h2 class=\"wp-block-heading\">3. Cookie v\u00e0 C\u00f4ng ngh\u1ec7 theo d\u00f5i<\/h2>\n\n\n\n<p>Ch\u00fang t\u00f4i s\u1eed d\u1ee5ng cookie \u0111\u1ec3 c\u1ea3i thi\u1ec7n tr\u1ea3i nghi\u1ec7m duy\u1ec7t web c\u1ee7a b\u1ea1n. Nh\u1eefng cookie n\u00e0y gi\u00fap ch\u00fang t\u00f4i:<\/p>\n\n\n\n<ul class=\"wp-block-list\">\n<li>Hi\u1ec3u c\u00e1ch ng\u01b0\u1eddi d\u00f9ng t\u01b0\u01a1ng t\u00e1c v\u1edbi n\u1ed9i dung c\u1ee7a ch\u00fang t\u00f4i.<\/li>\n\n\n\n<li>Ghi nh\u1edb s\u1edf th\u00edch c\u1ee7a b\u1ea1n cho nh\u1eefng l\u1ea7n gh\u00e9 th\u0103m sau.<\/li>\n\n\n\n<li>Cung c\u1ea5p qu\u1ea3ng c\u00e1o ph\u00f9 h\u1ee3p v\u00e0 \u0111o l\u01b0\u1eddng hi\u1ec7u qu\u1ea3 c\u1ee7a ch\u00fang.<\/li>\n<\/ul>\n\n\n\n<p>B\u1ea1n c\u00f3 th\u1ec3 ki\u1ec3m so\u00e1t ho\u1eb7c v\u00f4 hi\u1ec7u h\u00f3a cookie th\u00f4ng qua c\u00e0i \u0111\u1eb7t tr\u00ecnh duy\u1ec7t c\u1ee7a m\u00ecnh. \u0110\u1ec3 bi\u1ebft th\u00eam chi ti\u1ebft, h\u00e3y xem <strong>Ch\u00ednh s\u00e1ch Cookie<\/strong>.<\/p>\n\n\n\n<h2 class=\"wp-block-heading\">4. Chia s\u1ebb v\u00e0 ti\u1ebft l\u1ed9 d\u1eef li\u1ec7u<\/h2>\n\n\n\n<p>Ch\u00fang t\u00f4i kh\u00f4ng b\u00e1n, trao \u0111\u1ed5i ho\u1eb7c cho thu\u00ea th\u00f4ng tin c\u00e1 nh\u00e2n c\u1ee7a b\u1ea1n cho ng\u01b0\u1eddi kh\u00e1c. Tuy nhi\u00ean, ch\u00fang t\u00f4i c\u00f3 th\u1ec3 chia s\u1ebb th\u00f4ng tin c\u1ee7a b\u1ea1n v\u1edbi:<\/p>\n\n\n\n<ul class=\"wp-block-list\">\n<li><strong>Nh\u00e0 cung c\u1ea5p d\u1ecbch v\u1ee5 v\u00e0 \u0111\u1ed1i t\u00e1c<\/strong> nh\u1eefng ng\u01b0\u1eddi h\u1ed7 tr\u1ee3 ch\u00fang t\u00f4i v\u1eadn h\u00e0nh trang web v\u00e0 doanh nghi\u1ec7p c\u1ee7a m\u00ecnh.<\/li>\n\n\n\n<li><strong>C\u01a1 quan ph\u00e1p l\u00fd<\/strong> n\u1ebfu \u0111\u01b0\u1ee3c ph\u00e1p lu\u1eadt, quy tr\u00ecnh ph\u00e1p l\u00fd y\u00eau c\u1ea7u ho\u1eb7c \u0111\u1ec3 b\u1ea3o v\u1ec7 quy\u1ec1n c\u1ee7a ch\u00fang t\u00f4i.<\/li>\n<\/ul>\n\n\n\n<h2 class=\"wp-block-heading\">5. B\u1ea3o m\u1eadt d\u1eef li\u1ec7u<\/h2>\n\n\n\n<p>Ch\u00fang t\u00f4i th\u1ef1c hi\u1ec7n c\u00e1c bi\u1ec7n ph\u00e1p b\u1ea3o m\u1eadt ph\u00f9 h\u1ee3p \u0111\u1ec3 b\u1ea3o v\u1ec7 d\u1eef li\u1ec7u c\u00e1 nh\u00e2n c\u1ee7a b\u1ea1n. Tuy nhi\u00ean, kh\u00f4ng c\u00f3 ph\u01b0\u01a1ng th\u1ee9c truy\u1ec1n d\u1eef li\u1ec7u qua Internet ho\u1eb7c ph\u01b0\u01a1ng th\u1ee9c l\u01b0u tr\u1eef \u0111i\u1ec7n t\u1eed n\u00e0o \u0111\u01b0\u1ee3c 100% b\u1ea3o m\u1eadt.<\/p>\n\n\n\n<h2 class=\"wp-block-heading\">6. Quy\u1ec1n c\u1ee7a b\u1ea1n<\/h2>\n\n\n\n<p>B\u1ea1n c\u00f3 quy\u1ec1n:<\/p>\n\n\n\n<ul class=\"wp-block-list\">\n<li>Truy c\u1eadp v\u00e0 nh\u1eadn b\u1ea3n sao d\u1eef li\u1ec7u c\u00e1 nh\u00e2n c\u1ee7a b\u1ea1n.<\/li>\n\n\n\n<li>Y\u00eau c\u1ea7u s\u1eeda ho\u1eb7c x\u00f3a d\u1eef li\u1ec7u c\u1ee7a b\u1ea1n.<\/li>\n\n\n\n<li>R\u00fat l\u1ea1i s\u1ef1 \u0111\u1ed3ng \u00fd b\u1ea5t c\u1ee9 l\u00fac n\u00e0o (n\u1ebfu c\u00f3).<\/li>\n\n\n\n<li>N\u1ed9p \u0111\u01a1n khi\u1ebfu n\u1ea1i t\u1edbi c\u01a1 quan b\u1ea3o v\u1ec7 d\u1eef li\u1ec7u.<\/li>\n<\/ul>\n\n\n\n<h2 class=\"wp-block-heading\">7. Li\u00ean k\u1ebft c\u1ee7a b\u00ean th\u1ee9 ba<\/h2>\n\n\n\n<p>Trang web c\u1ee7a ch\u00fang t\u00f4i c\u00f3 th\u1ec3 ch\u1ee9a c\u00e1c li\u00ean k\u1ebft \u0111\u1ebfn c\u00e1c trang web c\u1ee7a b\u00ean th\u1ee9 ba. Ch\u00fang t\u00f4i kh\u00f4ng ch\u1ecbu tr\u00e1ch nhi\u1ec7m v\u1ec1 ch\u00ednh s\u00e1ch b\u1ea3o m\u1eadt c\u1ee7a c\u00e1c trang web \u0111\u00f3. Ch\u00fang t\u00f4i khuy\u1ebfn kh\u00edch b\u1ea1n \u0111\u1ecdc k\u1ef9 ch\u00ednh s\u00e1ch b\u1ea3o m\u1eadt c\u1ee7a h\u1ecd.<\/p>\n\n\n\n<h2 class=\"wp-block-heading\">8. Quy\u1ec1n ri\u00eang t\u01b0 c\u1ee7a tr\u1ebb em<\/h2>\n\n\n\n<p>N\u1ed9i dung c\u1ee7a ch\u00fang t\u00f4i kh\u00f4ng d\u00e0nh cho tr\u1ebb em d\u01b0\u1edbi 13 tu\u1ed5i. Ch\u00fang t\u00f4i kh\u00f4ng c\u1ed1 \u00fd thu th\u1eadp d\u1eef li\u1ec7u c\u00e1 nh\u00e2n c\u1ee7a tr\u1ebb em.<\/p>\n\n\n\n<h2 class=\"wp-block-heading\">9. Nh\u1eefng thay \u0111\u1ed5i \u0111\u1ed1i v\u1edbi Ch\u00ednh s\u00e1ch n\u00e0y<\/h2>\n\n\n\n<p>Ch\u00fang t\u00f4i c\u00f3 th\u1ec3 c\u1eadp nh\u1eadt Ch\u00ednh s\u00e1ch Quy\u1ec1n ri\u00eang t\u01b0 n\u00e0y theo th\u1eddi gian. M\u1ecdi thay \u0111\u1ed5i s\u1ebd \u0111\u01b0\u1ee3c \u0111\u0103ng tr\u00ean trang n\u00e0y k\u00e8m theo &quot;Ng\u00e0y c\u00f3 hi\u1ec7u l\u1ef1c&quot; \u0111\u00e3 \u0111\u01b0\u1ee3c s\u1eeda \u0111\u1ed5i.<\/p>\n\n\n\n<h2 class=\"wp-block-heading\">10. Li\u00ean h\u1ec7 v\u1edbi ch\u00fang t\u00f4i<\/h2>\n\n\n\n<p>N\u1ebfu b\u1ea1n c\u00f3 b\u1ea5t k\u1ef3 c\u00e2u h\u1ecfi ho\u1eb7c th\u1eafc m\u1eafc n\u00e0o v\u1ec1 Ch\u00ednh s\u00e1ch b\u1ea3o m\u1eadt n\u00e0y, vui l\u00f2ng li\u00ean h\u1ec7 v\u1edbi ch\u00fang t\u00f4i theo \u0111\u1ecba ch\u1ec9:<br>\ud83d\udce7 <strong><a>contato@techsmoney.com<\/a><\/strong><\/p>","protected":false},"excerpt":{"rendered":"<p>Effective Date: July 14, 2025Website: https:\/\/techsmoney.com\/Contact Email: contato@techsmoney.com At TechsMoney, we are committed to protecting your privacy. This Privacy Policy explains how we collect, use, disclose, and safeguard your information when you visit our website. Please read this policy carefully to understand our views and practices regarding your personal data. 1. Information We Collect We &#8230; <a title=\"Ch\u00ednh s\u00e1ch b\u1ea3o m\u1eadt\" class=\"read-more\" href=\"https:\/\/techsmoney.com\/vi\/privacy-policy\/\" aria-label=\"\u0110\u1ecdc th\u00eam v\u1ec1 Privacy Policy\">\u0110\u1ecdc ti\u1ebfp<\/a><\/p>","protected":false},"author":1,"featured_media":0,"parent":0,"menu_order":0,"comment_status":"closed","ping_status":"closed","template":"","meta":{"footnotes":""},"class_list":["post-13","page","type-page","status-publish"],"amp_enabled":true,"_links":{"self":[{"href":"https:\/\/techsmoney.com\/vi\/wp-json\/wp\/v2\/pages\/13","targetHints":{"allow":["GET"]}}],"collection":[{"href":"https:\/\/techsmoney.com\/vi\/wp-json\/wp\/v2\/pages"}],"about":[{"href":"https:\/\/techsmoney.com\/vi\/wp-json\/wp\/v2\/types\/page"}],"author":[{"embeddable":true,"href":"https:\/\/techsmoney.com\/vi\/wp-json\/wp\/v2\/users\/1"}],"replies":[{"embeddable":true,"href":"https:\/\/techsmoney.com\/vi\/wp-json\/wp\/v2\/comments?post=13"}],"version-history":[{"count":1,"href":"https:\/\/techsmoney.com\/vi\/wp-json\/wp\/v2\/pages\/13\/revisions"}],"predecessor-version":[{"id":14,"href":"https:\/\/techsmoney.com\/vi\/wp-json\/wp\/v2\/pages\/13\/revisions\/14"}],"wp:attachment":[{"href":"https:\/\/techsmoney.com\/vi\/wp-json\/wp\/v2\/media?parent=13"}],"curies":[{"name":"wp","href":"https:\/\/api.w.org\/{rel}","templated":true}]}}