{"id":15,"date":"2025-07-14T20:03:00","date_gmt":"2025-07-14T20:03:00","guid":{"rendered":"https:\/\/techsmoney.com\/?page_id=15"},"modified":"2025-07-14T20:03:00","modified_gmt":"2025-07-14T20:03:00","slug":"cookie-policy","status":"publish","type":"page","link":"https:\/\/techsmoney.com\/vi\/cookie-policy\/","title":{"rendered":"Ch\u00ednh s\u00e1ch Cookie"},"content":{"rendered":"<p><strong>Ng\u00e0y c\u00f3 hi\u1ec7u l\u1ef1c: 14 th\u00e1ng 7 n\u0103m 2025<\/strong><br><strong>Trang web: <a class=\"\" href=\"https:\/\/techsmoney.com\/vi\/\">https:\/\/techsmoney.com\/<\/a><\/strong><br><strong>Email li\u00ean h\u1ec7: <a>contato@techsmoney.com<\/a><\/strong><\/p>\n\n\n\n<p>Ch\u00ednh s\u00e1ch Cookie n\u00e0y gi\u1ea3i th\u00edch c\u00e1ch <strong>TechsMoney<\/strong> Ch\u00fang t\u00f4i s\u1eed d\u1ee5ng cookie v\u00e0 c\u00e1c c\u00f4ng ngh\u1ec7 t\u01b0\u01a1ng t\u1ef1 \u0111\u1ec3 nh\u1eadn di\u1ec7n b\u1ea1n khi b\u1ea1n truy c\u1eadp trang web c\u1ee7a ch\u00fang t\u00f4i. Ch\u00ednh s\u00e1ch n\u00e0y m\u00f4 t\u1ea3 c\u00e1c c\u00f4ng ngh\u1ec7 n\u00e0y l\u00e0 g\u00ec, l\u00fd do ch\u00fang t\u00f4i s\u1eed d\u1ee5ng ch\u00fang v\u00e0 quy\u1ec1n ki\u1ec3m so\u00e1t vi\u1ec7c s\u1eed d\u1ee5ng c\u1ee7a b\u1ea1n.<\/p>\n\n\n\n<h2 class=\"wp-block-heading\">1. Cookie l\u00e0 g\u00ec?<\/h2>\n\n\n\n<p>Cookie l\u00e0 nh\u1eefng t\u1ec7p v\u0103n b\u1ea3n nh\u1ecf \u0111\u01b0\u1ee3c l\u01b0u tr\u00ean thi\u1ebft b\u1ecb c\u1ee7a b\u1ea1n khi b\u1ea1n truy c\u1eadp m\u1ed9t trang web. Ch\u00fang \u0111\u01b0\u1ee3c s\u1eed d\u1ee5ng r\u1ed9ng r\u00e3i \u0111\u1ec3 gi\u00fap trang web ho\u1ea1t \u0111\u1ed9ng hi\u1ec7u qu\u1ea3 h\u01a1n v\u00e0 cung c\u1ea5p th\u00f4ng tin cho ch\u1ee7 s\u1edf h\u1eefu trang web.<\/p>\n\n\n\n<h2 class=\"wp-block-heading\">2. T\u1ea1i sao ch\u00fang t\u00f4i s\u1eed d\u1ee5ng Cookie<\/h2>\n\n\n\n<p>Ch\u00fang t\u00f4i s\u1eed d\u1ee5ng cookie \u0111\u1ec3:<\/p>\n\n\n\n<ul class=\"wp-block-list\">\n<li>\u0110\u1ea3m b\u1ea3o ch\u1ee9c n\u0103ng ho\u1ea1t \u0111\u1ed9ng b\u00ecnh th\u01b0\u1eddng c\u1ee7a trang web.<\/li>\n\n\n\n<li>Ghi nh\u1edb s\u1edf th\u00edch v\u00e0 c\u00e0i \u0111\u1eb7t c\u1ee7a b\u1ea1n.<\/li>\n\n\n\n<li>Hi\u1ec3u c\u00e1ch b\u1ea1n t\u01b0\u01a1ng t\u00e1c v\u1edbi trang web c\u1ee7a ch\u00fang t\u00f4i.<\/li>\n\n\n\n<li>C\u1ea3i thi\u1ec7n hi\u1ec7u su\u1ea5t v\u00e0 n\u1ed9i dung.<\/li>\n\n\n\n<li>Cung c\u1ea5p qu\u1ea3ng c\u00e1o \u0111\u01b0\u1ee3c c\u00e1 nh\u00e2n h\u00f3a v\u00e0 \u0111o l\u01b0\u1eddng hi\u1ec7u qu\u1ea3 c\u1ee7a qu\u1ea3ng c\u00e1o (n\u1ebfu c\u00f3).<\/li>\n<\/ul>\n\n\n\n<h2 class=\"wp-block-heading\">3. C\u00e1c lo\u1ea1i Cookie ch\u00fang t\u00f4i s\u1eed d\u1ee5ng<\/h2>\n\n\n\n<h3 class=\"wp-block-heading\">a. Cookie thi\u1ebft y\u1ebfu<\/h3>\n\n\n\n<p>Nh\u1eefng cookie n\u00e0y c\u1ea7n thi\u1ebft \u0111\u1ec3 trang web ho\u1ea1t \u0111\u1ed9ng b\u00ecnh th\u01b0\u1eddng v\u00e0 kh\u00f4ng th\u1ec3 b\u1ecb v\u00f4 hi\u1ec7u h\u00f3a.<\/p>\n\n\n\n<h3 class=\"wp-block-heading\">b. Cookie hi\u1ec7u su\u1ea5t v\u00e0 ph\u00e2n t\u00edch<\/h3>\n\n\n\n<p>Nh\u1eefng cookie n\u00e0y gi\u00fap ch\u00fang t\u00f4i hi\u1ec3u c\u00e1ch kh\u00e1ch truy c\u1eadp s\u1eed d\u1ee5ng trang web c\u1ee7a ch\u00fang t\u00f4i, cho ph\u00e9p ch\u00fang t\u00f4i c\u1ea3i thi\u1ec7n trang web theo th\u1eddi gian.<\/p>\n\n\n\n<h3 class=\"wp-block-heading\">c. Cookie ch\u1ee9c n\u0103ng<\/h3>\n\n\n\n<p>Nh\u1eefng cookie n\u00e0y cho ph\u00e9p trang web ghi nh\u1edb c\u00e1c l\u1ef1a ch\u1ecdn b\u1ea1n th\u1ef1c hi\u1ec7n v\u00e0 cung c\u1ea5p c\u00e1c t\u00ednh n\u0103ng n\u00e2ng cao.<\/p>\n\n\n\n<h3 class=\"wp-block-heading\">d. Cookie qu\u1ea3ng c\u00e1o<\/h3>\n\n\n\n<p>Nh\u1eefng cookie n\u00e0y c\u00f3 th\u1ec3 \u0111\u01b0\u1ee3c s\u1eed d\u1ee5ng \u0111\u1ec3 ph\u00e2n ph\u1ed1i qu\u1ea3ng c\u00e1o \u0111\u01b0\u1ee3c nh\u1eafm m\u1ee5c ti\u00eau ph\u00f9 h\u1ee3p v\u1edbi s\u1edf th\u00edch c\u1ee7a b\u1ea1n. Ch\u00fang c\u0169ng c\u00f3 th\u1ec3 gi\u1edbi h\u1ea1n t\u1ea7n su\u1ea5t b\u1ea1n nh\u00ecn th\u1ea5y qu\u1ea3ng c\u00e1o v\u00e0 \u0111o l\u01b0\u1eddng hi\u1ec7u qu\u1ea3 c\u1ee7a c\u00e1c chi\u1ebfn d\u1ecbch qu\u1ea3ng c\u00e1o.<\/p>\n\n\n\n<h2 class=\"wp-block-heading\">4. Cookie c\u1ee7a b\u00ean th\u1ee9 ba<\/h2>\n\n\n\n<p>M\u1ed9t s\u1ed1 cookie tr\u00ean trang web c\u1ee7a ch\u00fang t\u00f4i \u0111\u01b0\u1ee3c thi\u1ebft l\u1eadp b\u1edfi c\u00e1c d\u1ecbch v\u1ee5 c\u1ee7a b\u00ean th\u1ee9 ba nh\u01b0 Google Analytics ho\u1eb7c m\u1ea1ng qu\u1ea3ng c\u00e1o. Ch\u00fang t\u00f4i kh\u00f4ng ki\u1ec3m so\u00e1t c\u00e1c cookie n\u00e0y v\u00e0 vi\u1ec7c s\u1eed d\u1ee5ng ch\u00fang \u0111\u01b0\u1ee3c \u0111i\u1ec1u ch\u1ec9nh b\u1edfi ch\u00ednh s\u00e1ch quy\u1ec1n ri\u00eang t\u01b0 c\u1ee7a c\u00e1c b\u00ean th\u1ee9 ba \u0111\u00f3.<\/p>\n\n\n\n<h2 class=\"wp-block-heading\">5. C\u00e1ch ki\u1ec3m so\u00e1t Cookie<\/h2>\n\n\n\n<p>B\u1ea1n c\u00f3 quy\u1ec1n ch\u1ea5p nh\u1eadn ho\u1eb7c t\u1eeb ch\u1ed1i cookie. H\u1ea7u h\u1ebft c\u00e1c tr\u00ecnh duy\u1ec7t \u0111\u1ec1u t\u1ef1 \u0111\u1ed9ng ch\u1ea5p nh\u1eadn cookie, nh\u01b0ng b\u1ea1n c\u00f3 th\u1ec3 s\u1eeda \u0111\u1ed5i c\u00e0i \u0111\u1eb7t \u0111\u1ec3 t\u1eeb ch\u1ed1i n\u1ebfu mu\u1ed1n.<\/p>\n\n\n\n<p>B\u1ea1n th\u01b0\u1eddng c\u00f3 th\u1ec3 t\u00ecm th\u1ea5y c\u00e1c c\u00e0i \u0111\u1eb7t n\u00e0y trong menu &quot;t\u00f9y ch\u1ecdn&quot; ho\u1eb7c &quot;t\u00f9y ch\u1ecdn&quot; c\u1ee7a tr\u00ecnh duy\u1ec7t. B\u1ea1n c\u0169ng c\u00f3 th\u1ec3 t\u1eeb ch\u1ed1i qu\u1ea3ng c\u00e1o d\u1ef1a tr\u00ean s\u1edf th\u00edch b\u1eb1ng c\u00e1ch truy c\u1eadp:<\/p>\n\n\n\n<ul class=\"wp-block-list\">\n<li><a class=\"\" href=\"https:\/\/www.youronlinechoices.com\/\">L\u1ef1a ch\u1ecdn tr\u1ef1c tuy\u1ebfn c\u1ee7a b\u1ea1n (EU)<\/a><\/li>\n\n\n\n<li><a>S\u00e1ng ki\u1ebfn qu\u1ea3ng c\u00e1o m\u1ea1ng (Hoa K\u1ef3)<\/a><\/li>\n\n\n\n<li><a class=\"\" href=\"https:\/\/www.aboutads.info\/\">Li\u00ean minh qu\u1ea3ng c\u00e1o k\u1ef9 thu\u1eadt s\u1ed1 (Hoa K\u1ef3)<\/a><\/li>\n<\/ul>\n\n\n\n<h2 class=\"wp-block-heading\">6. Nh\u1eefng thay \u0111\u1ed5i \u0111\u1ed1i v\u1edbi Ch\u00ednh s\u00e1ch Cookie n\u00e0y<\/h2>\n\n\n\n<p>Ch\u00fang t\u00f4i c\u00f3 th\u1ec3 c\u1eadp nh\u1eadt Ch\u00ednh s\u00e1ch Cookie n\u00e0y theo th\u1eddi gian \u0111\u1ec3 ph\u1ea3n \u00e1nh nh\u1eefng thay \u0111\u1ed5i v\u1ec1 cookie ch\u00fang t\u00f4i s\u1eed d\u1ee5ng ho\u1eb7c v\u00ec l\u00fd do ph\u00e1p l\u00fd ho\u1eb7c quy \u0111\u1ecbnh. Phi\u00ean b\u1ea3n c\u1eadp nh\u1eadt s\u1ebd \u0111\u01b0\u1ee3c \u0111\u0103ng tr\u00ean trang n\u00e0y.<\/p>\n\n\n\n<h2 class=\"wp-block-heading\">7. Li\u00ean h\u1ec7 v\u1edbi ch\u00fang t\u00f4i<\/h2>\n\n\n\n<p>N\u1ebfu b\u1ea1n c\u00f3 b\u1ea5t k\u1ef3 c\u00e2u h\u1ecfi n\u00e0o v\u1ec1 vi\u1ec7c ch\u00fang t\u00f4i s\u1eed d\u1ee5ng cookie, vui l\u00f2ng li\u00ean h\u1ec7 v\u1edbi ch\u00fang t\u00f4i t\u1ea1i:<br>\ud83d\udce7 <strong><a>contato@techsmoney.com<\/a><\/strong><\/p>","protected":false},"excerpt":{"rendered":"<p>Effective Date: July 14, 2025Website: https:\/\/techsmoney.com\/Contact Email: contato@techsmoney.com This Cookie Policy explains how TechsMoney uses cookies and similar technologies to recognize you when you visit our website. It describes what these technologies are, why we use them, and your rights to control their use. 1. What Are Cookies? Cookies are small text files that are &#8230; <a title=\"Ch\u00ednh s\u00e1ch Cookie\" class=\"read-more\" href=\"https:\/\/techsmoney.com\/vi\/cookie-policy\/\" aria-label=\"\u0110\u1ecdc th\u00eam v\u1ec1 Cookie Policy\">\u0110\u1ecdc ti\u1ebfp<\/a><\/p>","protected":false},"author":1,"featured_media":0,"parent":0,"menu_order":0,"comment_status":"closed","ping_status":"closed","template":"","meta":{"footnotes":""},"class_list":["post-15","page","type-page","status-publish"],"amp_enabled":true,"_links":{"self":[{"href":"https:\/\/techsmoney.com\/vi\/wp-json\/wp\/v2\/pages\/15","targetHints":{"allow":["GET"]}}],"collection":[{"href":"https:\/\/techsmoney.com\/vi\/wp-json\/wp\/v2\/pages"}],"about":[{"href":"https:\/\/techsmoney.com\/vi\/wp-json\/wp\/v2\/types\/page"}],"author":[{"embeddable":true,"href":"https:\/\/techsmoney.com\/vi\/wp-json\/wp\/v2\/users\/1"}],"replies":[{"embeddable":true,"href":"https:\/\/techsmoney.com\/vi\/wp-json\/wp\/v2\/comments?post=15"}],"version-history":[{"count":1,"href":"https:\/\/techsmoney.com\/vi\/wp-json\/wp\/v2\/pages\/15\/revisions"}],"predecessor-version":[{"id":16,"href":"https:\/\/techsmoney.com\/vi\/wp-json\/wp\/v2\/pages\/15\/revisions\/16"}],"wp:attachment":[{"href":"https:\/\/techsmoney.com\/vi\/wp-json\/wp\/v2\/media?parent=15"}],"curies":[{"name":"wp","href":"https:\/\/api.w.org\/{rel}","templated":true}]}}