{"id":19,"date":"2025-07-14T20:03:53","date_gmt":"2025-07-14T20:03:53","guid":{"rendered":"https:\/\/techsmoney.com\/?page_id=19"},"modified":"2025-07-14T20:03:53","modified_gmt":"2025-07-14T20:03:53","slug":"contact-us","status":"publish","type":"page","link":"https:\/\/techsmoney.com\/vi\/contact-us\/","title":{"rendered":"Li\u00ean h\u1ec7 v\u1edbi ch\u00fang t\u00f4i"},"content":{"rendered":"<p>Ch\u00fang t\u00f4i r\u1ea5t mong nh\u1eadn \u0111\u01b0\u1ee3c ph\u1ea3n h\u1ed3i t\u1eeb b\u1ea1n!<\/p>\n\n\n\n<p>N\u1ebfu b\u1ea1n c\u00f3 b\u1ea5t k\u1ef3 c\u00e2u h\u1ecfi, \u0111\u1ec1 xu\u1ea5t, c\u01a1 h\u1ed9i h\u1ee3p t\u00e1c ho\u1eb7c c\u1ea7n tr\u1ee3 gi\u00fap li\u00ean quan \u0111\u1ebfn n\u1ed9i dung c\u1ee7a ch\u00fang t\u00f4i v\u1ec1 t\u00e0i ch\u00ednh c\u00e1 nh\u00e2n, vui l\u00f2ng li\u00ean h\u1ec7 v\u1edbi ch\u00fang t\u00f4i.<\/p>\n\n\n\n<p>\ud83d\udce7 <strong>E-mail:<\/strong> <a>contato@techsmoney.com<\/a><\/p>\n\n\n\n<p>Ch\u00fang t\u00f4i ph\u1ea3n h\u1ed3i nhanh nh\u1ea5t c\u00f3 th\u1ec3 trong gi\u1edd l\u00e0m vi\u1ec7c, <strong>Th\u1ee9 Hai \u0111\u1ebfn Th\u1ee9 S\u00e1u, t\u1eeb 8:00 s\u00e1ng \u0111\u1ebfn 6:00 chi\u1ec1u (gi\u1edd \u0111\u1ecba ph\u01b0\u01a1ng)<\/strong>.<\/p>\n\n\n\n<p>B\u1ea1n c\u0169ng c\u00f3 th\u1ec3 theo d\u00f5i c\u00e1c c\u1eadp nh\u1eadt v\u00e0 hi\u1ec3u bi\u1ebft c\u1ee7a ch\u00fang t\u00f4i b\u1eb1ng c\u00e1ch truy c\u1eadp <strong><a class=\"\" href=\"https:\/\/techsmoney.com\/vi\/\">https:\/\/techsmoney.com\/<\/a><\/strong> th\u01b0\u1eddng xuy\u00ean.<\/p>\n\n\n\n<p>C\u1ea3m \u01a1n b\u1ea1n \u0111\u00e3 gh\u00e9 th\u0103m TechsMoney!<\/p>","protected":false},"excerpt":{"rendered":"<p>We\u2019d love to hear from you! If you have any questions, suggestions, partnership opportunities, or need help related to our content on personal finance, feel free to reach out. \ud83d\udce7 Email: contato@techsmoney.com We respond as quickly as possible during business hours, Monday to Friday, from 8:00 AM to 6:00 PM (local time). You can also &#8230; <a title=\"Li\u00ean h\u1ec7 v\u1edbi ch\u00fang t\u00f4i\" class=\"read-more\" href=\"https:\/\/techsmoney.com\/vi\/contact-us\/\" aria-label=\"\u0110\u1ecdc th\u00eam v\u1ec1 Contact Us\">\u0110\u1ecdc ti\u1ebfp<\/a><\/p>","protected":false},"author":1,"featured_media":0,"parent":0,"menu_order":0,"comment_status":"closed","ping_status":"closed","template":"","meta":{"footnotes":""},"class_list":["post-19","page","type-page","status-publish"],"amp_enabled":true,"_links":{"self":[{"href":"https:\/\/techsmoney.com\/vi\/wp-json\/wp\/v2\/pages\/19","targetHints":{"allow":["GET"]}}],"collection":[{"href":"https:\/\/techsmoney.com\/vi\/wp-json\/wp\/v2\/pages"}],"about":[{"href":"https:\/\/techsmoney.com\/vi\/wp-json\/wp\/v2\/types\/page"}],"author":[{"embeddable":true,"href":"https:\/\/techsmoney.com\/vi\/wp-json\/wp\/v2\/users\/1"}],"replies":[{"embeddable":true,"href":"https:\/\/techsmoney.com\/vi\/wp-json\/wp\/v2\/comments?post=19"}],"version-history":[{"count":1,"href":"https:\/\/techsmoney.com\/vi\/wp-json\/wp\/v2\/pages\/19\/revisions"}],"predecessor-version":[{"id":20,"href":"https:\/\/techsmoney.com\/vi\/wp-json\/wp\/v2\/pages\/19\/revisions\/20"}],"wp:attachment":[{"href":"https:\/\/techsmoney.com\/vi\/wp-json\/wp\/v2\/media?parent=19"}],"curies":[{"name":"wp","href":"https:\/\/api.w.org\/{rel}","templated":true}]}}