{"id":21,"date":"2025-07-14T20:04:29","date_gmt":"2025-07-14T20:04:29","guid":{"rendered":"https:\/\/techsmoney.com\/?page_id=21"},"modified":"2025-07-14T20:04:29","modified_gmt":"2025-07-14T20:04:29","slug":"about-us","status":"publish","type":"page","link":"https:\/\/techsmoney.com\/vi\/about-us\/","title":{"rendered":"Gi\u1edbi thi\u1ec7u v\u1ec1 ch\u00fang t\u00f4i"},"content":{"rendered":"<p>Ch\u00e0o m\u1eebng \u0111\u1ebfn v\u1edbi <strong>TechsMoney<\/strong> \u2013 ngu\u1ed3n t\u00e0i li\u1ec7u h\u1eefu \u00edch gi\u00fap b\u1ea1n h\u1ecdc c\u00e1ch qu\u1ea3n l\u00fd ti\u1ec1n th\u00f4ng minh h\u01a1n, ngay c\u1ea3 khi b\u1ea1n m\u1edbi b\u1eaft \u0111\u1ea7u.<\/p>\n\n\n\n<p>Ch\u00fang t\u00f4i tin r\u1eb1ng <strong>gi\u00e1o d\u1ee5c t\u00e0i ch\u00ednh ph\u1ea3i \u0111\u01a1n gi\u1ea3n, d\u1ec5 ti\u1ebfp c\u1eadn v\u00e0 trao quy\u1ec1n<\/strong>. \u0110\u00f3 l\u00e0 l\u00fd do ch\u00fang t\u00f4i t\u1ea1o ra kh\u00f4ng gian n\u00e0y: gi\u00fap ng\u01b0\u1eddi m\u1edbi b\u1eaft \u0111\u1ea7u x\u00e2y d\u1ef1ng s\u1ef1 t\u1ef1 tin trong vi\u1ec7c qu\u1ea3n l\u00fd t\u00e0i ch\u00ednh c\u00e1 nh\u00e2n th\u00f4ng qua c\u00e1c m\u1eb9o th\u1ef1c t\u1ebf, gi\u1ea3i th\u00edch r\u00f5 r\u00e0ng v\u00e0 chi\u1ebfn l\u01b0\u1ee3c th\u1ef1c t\u1ebf.<\/p>\n\n\n\n<p>Cho d\u00f9 b\u1ea1n mu\u1ed1n b\u1eaft \u0111\u1ea7u ti\u1ebft ki\u1ec7m ti\u1ec1n, hi\u1ec3u c\u00e1ch l\u1eadp ng\u00e2n s\u00e1ch hay th\u1ef1c hi\u1ec7n nh\u1eefng b\u01b0\u1edbc \u0111\u1ea7u ti\u00ean trong \u0111\u1ea7u t\u01b0, TechsMoney s\u1ebd lu\u00f4n h\u01b0\u1edbng d\u1eabn b\u1ea1n.<\/p>\n\n\n\n<h3 class=\"wp-block-heading\">Nh\u1eefng g\u00ec b\u1ea1n s\u1ebd t\u00ecm th\u1ea5y \u1edf \u0111\u00e2y:<\/h3>\n\n\n\n<ul class=\"wp-block-list\">\n<li>L\u1eddi khuy\u00ean t\u00e0i ch\u00ednh d\u1ec5 l\u00e0m theo<\/li>\n\n\n\n<li>H\u01b0\u1edbng d\u1eabn t\u1eebng b\u01b0\u1edbc v\u1ec1 l\u1eadp ng\u00e2n s\u00e1ch, ti\u1ebft ki\u1ec7m v\u00e0 \u0111\u1ea7u t\u01b0<\/li>\n\n\n\n<li>M\u1eb9o \u0111\u1ec3 c\u1ea3i thi\u1ec7n th\u00f3i quen t\u00e0i ch\u00ednh c\u1ee7a b\u1ea1n<\/li>\n\n\n\n<li>B\u00e0i vi\u1ebft d\u00e0nh cho ng\u01b0\u1eddi m\u1edbi b\u1eaft \u0111\u1ea7u \u0111\u01b0\u1ee3c vi\u1ebft b\u1eb1ng ng\u00f4n ng\u1eef d\u1ec5 hi\u1ec3u, th\u00f4ng d\u1ee5ng<\/li>\n\n\n\n<li>M\u1ed9t khu v\u1ef1c kh\u00f4ng ph\u00e1n x\u00e9t \u0111\u1ec3 b\u1eaft \u0111\u1ea7u h\u00e0nh tr\u00ecnh \u0111\u1ebfn v\u1edbi t\u1ef1 do t\u00e0i ch\u00ednh<\/li>\n<\/ul>\n\n\n\n<p>Nhi\u1ec7m v\u1ee5 c\u1ee7a ch\u00fang t\u00f4i l\u00e0 \u0111\u1ea3m b\u1ea3o <strong>b\u1ea1n c\u1ea3m th\u1ea5y ki\u1ec3m so\u00e1t \u0111\u01b0\u1ee3c ti\u1ec1n c\u1ee7a m\u00ecnh<\/strong>, kh\u00f4ng b\u1ecb n\u00f3 l\u00e0m cho cho\u00e1ng ng\u1ee3p.<\/p>\n\n\n\n<h3 class=\"wp-block-heading\">Ch\u00fang t\u00f4i l\u00e0 ai<\/h3>\n\n\n\n<p>Ch\u00fang t\u00f4i l\u00e0 m\u1ed9t nh\u00f3m nh\u1eefng ng\u01b0\u1eddi \u0111am m\u00ea t\u00e0i ch\u00ednh, nh\u00e0 v\u0103n v\u00e0 nh\u00e0 gi\u00e1o d\u1ee5c nhi\u1ec7t huy\u1ebft mu\u1ed1n gi\u00fap \u0111\u1ee1 m\u1ecdi ng\u01b0\u1eddi <strong>\u0111\u1ea1t \u0111\u01b0\u1ee3c s\u1ef1 \u0111\u1ed9c l\u1eadp v\u1ec1 t\u00e0i ch\u00ednh<\/strong> th\u00f4ng qua ki\u1ebfn th\u1ee9c. Ch\u00fang t\u00f4i \u0111\u00e3 t\u1eebng \u1edf trong ho\u00e0n c\u1ea3nh c\u1ee7a b\u1ea1n \u2014 b\u1ed1i r\u1ed1i tr\u01b0\u1edbc nh\u1eefng thu\u1eadt ng\u1eef ph\u1ee9c t\u1ea1p v\u00e0 kh\u00f4ng bi\u1ebft b\u1eaft \u0111\u1ea7u t\u1eeb \u0111\u00e2u. \u0110\u00f3 l\u00e0 l\u00fd do t\u1ea1i sao ch\u00fang t\u00f4i lu\u00f4n gi\u1eef m\u1ecdi th\u1ee9 \u0111\u01a1n gi\u1ea3n, th\u00e2n thi\u1ec7n v\u00e0 ch\u00e2n th\u00e0nh.<\/p>\n\n\n\n<h3 class=\"wp-block-heading\">Tham gia c\u1ed9ng \u0111\u1ed3ng TechsMoney<\/h3>\n\n\n\n<p>Ch\u00fang t\u00f4i r\u1ea5t vui khi \u0111\u01b0\u1ee3c \u0111\u00f3n ti\u1ebfp b\u1ea1n \u1edf \u0111\u00e2y!<br>H\u00e3y \u1edf l\u1ea1i, kh\u00e1m ph\u00e1 n\u1ed9i dung c\u1ee7a ch\u00fang t\u00f4i v\u00e0 \u0111\u1eebng ng\u1ea7n ng\u1ea1i <strong>li\u00ean l\u1ea1c<\/strong> n\u1ebfu b\u1ea1n c\u00f3 th\u1eafc m\u1eafc ho\u1eb7c mu\u1ed1n \u0111\u1ec1 xu\u1ea5t ch\u1ee7 \u0111\u1ec1.<\/p>\n\n\n\n<p>\ud83d\udce7 <strong>Li\u00ean h\u1ec7 v\u1edbi ch\u00fang t\u00f4i t\u1ea1i:<\/strong> <a>contato@techsmoney.com<\/a><br>\ud83c\udf10 <strong>Trang web:<\/strong> <a class=\"\" href=\"https:\/\/techsmoney.com\/vi\/\">https:\/\/techsmoney.com\/<\/a><\/p>\n\n\n\n<p>H\u00e3y c\u00f9ng x\u00e2y d\u1ef1ng t\u01b0\u01a1ng lai t\u00e0i ch\u00ednh c\u1ee7a b\u1ea1n \u2014 t\u1eebng b\u01b0\u1edbc m\u1ed9t.<\/p>","protected":false},"excerpt":{"rendered":"<p>Welcome to TechsMoney \u2013 your go-to resource for learning how to manage your money smarter, even if you&#8217;re just getting started. We believe that financial education should be simple, accessible, and empowering. That\u2019s why we\u2019ve created this space: to help beginners build confidence in managing personal finances through practical tips, clear explanations, and real-world strategies. &#8230; <a title=\"Gi\u1edbi thi\u1ec7u v\u1ec1 ch\u00fang t\u00f4i\" class=\"read-more\" href=\"https:\/\/techsmoney.com\/vi\/about-us\/\" aria-label=\"\u0110\u1ecdc th\u00eam v\u1ec1 About Us\">\u0110\u1ecdc ti\u1ebfp<\/a><\/p>","protected":false},"author":1,"featured_media":0,"parent":0,"menu_order":0,"comment_status":"closed","ping_status":"closed","template":"","meta":{"footnotes":""},"class_list":["post-21","page","type-page","status-publish"],"amp_enabled":true,"_links":{"self":[{"href":"https:\/\/techsmoney.com\/vi\/wp-json\/wp\/v2\/pages\/21","targetHints":{"allow":["GET"]}}],"collection":[{"href":"https:\/\/techsmoney.com\/vi\/wp-json\/wp\/v2\/pages"}],"about":[{"href":"https:\/\/techsmoney.com\/vi\/wp-json\/wp\/v2\/types\/page"}],"author":[{"embeddable":true,"href":"https:\/\/techsmoney.com\/vi\/wp-json\/wp\/v2\/users\/1"}],"replies":[{"embeddable":true,"href":"https:\/\/techsmoney.com\/vi\/wp-json\/wp\/v2\/comments?post=21"}],"version-history":[{"count":1,"href":"https:\/\/techsmoney.com\/vi\/wp-json\/wp\/v2\/pages\/21\/revisions"}],"predecessor-version":[{"id":22,"href":"https:\/\/techsmoney.com\/vi\/wp-json\/wp\/v2\/pages\/21\/revisions\/22"}],"wp:attachment":[{"href":"https:\/\/techsmoney.com\/vi\/wp-json\/wp\/v2\/media?parent=21"}],"curies":[{"name":"wp","href":"https:\/\/api.w.org\/{rel}","templated":true}]}}